{"id":275,"date":"2026-03-02T21:03:11","date_gmt":"2026-03-02T21:03:11","guid":{"rendered":"https:\/\/www.lacarnedagigi.it\/sito\/home\/"},"modified":"2026-03-17T05:45:13","modified_gmt":"2026-03-17T05:45:13","slug":"home","status":"publish","type":"page","link":"https:\/\/www.lacarnedagigi.it\/sito\/","title":{"rendered":"Home"},"content":{"rendered":"\t\t<div data-elementor-type=\"wp-page\" data-elementor-id=\"275\" class=\"elementor elementor-275\">\n\t\t\t\t<div class=\"elementor-element elementor-element-429593c e-flex e-con-boxed e-con e-parent\" data-id=\"429593c\" data-element_type=\"container\" data-e-type=\"container\" data-settings=\"{&quot;background_background&quot;:&quot;classic&quot;}\">\n\t\t\t\t\t<div class=\"e-con-inner\">\n\t\t\t\t<div class=\"elementor-element elementor-element-d31b343 elementor-widget elementor-widget-image-box\" data-id=\"d31b343\" data-element_type=\"widget\" data-e-type=\"widget\" data-widget_type=\"image-box.default\">\n\t\t\t\t\t<div class=\"elementor-image-box-wrapper\"><div class=\"elementor-image-box-content\"><h1 class=\"elementor-image-box-title\">Carni di Qualit\u00e0 da Gigi\u200b<\/h1><p class=\"elementor-image-box-description\">Scopri la nostra selezione di carni fresche e specialit\u00e0 gastronomiche, preparate con passione e attenzione.<\/p><\/div><\/div>\t\t\t\t<\/div>\n\t\t\t\t\t<\/div>\n\t\t\t\t<\/div>\n\t\t<div class=\"elementor-element elementor-element-735d843 e-flex e-con-boxed e-con e-parent\" data-id=\"735d843\" data-element_type=\"container\" data-e-type=\"container\" data-settings=\"{&quot;background_background&quot;:&quot;classic&quot;}\">\n\t\t\t\t\t<div class=\"e-con-inner\">\n\t\t\t\t<div class=\"elementor-element elementor-element-e81376a elementor-widget elementor-widget-image-box\" data-id=\"e81376a\" data-element_type=\"widget\" data-e-type=\"widget\" data-widget_type=\"image-box.default\">\n\t\t\t\t\t<div class=\"elementor-image-box-wrapper\"><div class=\"elementor-image-box-content\"><h2 class=\"elementor-image-box-title\">Scopri i Nostri Prodotti<\/h2><p class=\"elementor-image-box-description\">Una selezione esclusiva di carne fresca e specialit\u00e0 gastronomiche per soddisfare tutti i gusti e le esigenze.<\/p><\/div><\/div>\t\t\t\t<\/div>\n\t\t<div class=\"elementor-element elementor-element-a410366 e-con-full e-flex e-con e-child\" data-id=\"a410366\" data-element_type=\"container\" data-e-type=\"container\">\n\t\t<div class=\"elementor-element elementor-element-bf43d19 e-con-full e-flex e-con e-child\" data-id=\"bf43d19\" data-element_type=\"container\" data-e-type=\"container\">\n\t\t\t\t<div class=\"elementor-element elementor-element-51f32f0 elementor-widget elementor-widget-image\" data-id=\"51f32f0\" data-element_type=\"widget\" data-e-type=\"widget\" data-widget_type=\"image.default\">\n\t\t\t\t\t\t\t\t\t\t\t\t\t\t\t<img fetchpriority=\"high\" decoding=\"async\" width=\"758\" height=\"1599\" src=\"https:\/\/www.lacarnedagigi.it\/sito\/wp-content\/uploads\/2026\/03\/f4.jpeg\" class=\"attachment-full size-full wp-image-555\" alt=\"F4\" srcset=\"https:\/\/www.lacarnedagigi.it\/sito\/wp-content\/uploads\/2026\/03\/f4.jpeg 758w, https:\/\/www.lacarnedagigi.it\/sito\/wp-content\/uploads\/2026\/03\/f4-142x300.jpeg 142w, https:\/\/www.lacarnedagigi.it\/sito\/wp-content\/uploads\/2026\/03\/f4-485x1024.jpeg 485w, https:\/\/www.lacarnedagigi.it\/sito\/wp-content\/uploads\/2026\/03\/f4-728x1536.jpeg 728w\" sizes=\"(max-width: 758px) 100vw, 758px\" title=\"Home\">\t\t\t\t\t\t\t\t\t\t\t\t\t\t\t<\/div>\n\t\t\t\t<div class=\"elementor-element elementor-element-02bd857 elementor-widget elementor-widget-hfe-infocard\" data-id=\"02bd857\" data-element_type=\"widget\" data-e-type=\"widget\" data-widget_type=\"hfe-infocard.default\">\n\t\t\t\t<div class=\"elementor-widget-container\">\n\t\t\t\t\t\n\t\t<div class=\"hfe-infocard\">\n\t\t\t\t\t\t\t\t\t<div class=\"hfe-infocard-title-wrap\">\n\t\t\t\t<h3 class=\"hfe-infocard-title elementor-inline-editing\" data-elementor-setting-key=\"infocard_title\" data-elementor-inline-editing-toolbar=\"basic\" >Selezione di Carni e Preparazioni Fresche<\/h3>\t\t\t<\/div>\n\t\t\t\t\t\t<div class=\"hfe-infocard-text-wrap\">\n\t\t\t\t<div class=\"hfe-infocard-text elementor-inline-editing\" data-elementor-setting-key=\"infocard_description\" data-elementor-inline-editing-toolbar=\"advanced\">\n\t\t\t\t\tLa nostra area dedicata alla carne offre una scelta ricca e curata di tagli freschi e preparazioni pronte. Il banco espone carni rosse e bianche disposte con ordine, includendo tagli tradizionali, spiedini, bocconcini e specialit\u00e0 gi\u00e0 pronte per la cottura.\nOgni prodotto \u00e8 selezionato per garantire qualit\u00e0, freschezza e versatilit\u00e0 in cucina, ideale per chi cerca ingredienti affidabili per ricette quotidiane o piatti pi\u00f9 elaborati.\n\t\t\t\t<\/div>\n\t\t\t\t\t\t\t<\/div>\n\t\t<\/div>\n\n\t\t\t\t\t\t<\/div>\n\t\t\t\t<\/div>\n\t\t\t\t<\/div>\n\t\t<div class=\"elementor-element elementor-element-f239f43 e-con-full e-flex e-con e-child\" data-id=\"f239f43\" data-element_type=\"container\" data-e-type=\"container\">\n\t\t\t\t<div class=\"elementor-element elementor-element-8e53c1e elementor-widget elementor-widget-image\" data-id=\"8e53c1e\" data-element_type=\"widget\" data-e-type=\"widget\" data-widget_type=\"image.default\">\n\t\t\t\t\t\t\t\t\t\t\t\t\t\t\t<img decoding=\"async\" width=\"758\" height=\"1599\" src=\"https:\/\/www.lacarnedagigi.it\/sito\/wp-content\/uploads\/2026\/03\/f3.jpeg\" class=\"attachment-full size-full wp-image-554\" alt=\"F3\" srcset=\"https:\/\/www.lacarnedagigi.it\/sito\/wp-content\/uploads\/2026\/03\/f3.jpeg 758w, https:\/\/www.lacarnedagigi.it\/sito\/wp-content\/uploads\/2026\/03\/f3-142x300.jpeg 142w, https:\/\/www.lacarnedagigi.it\/sito\/wp-content\/uploads\/2026\/03\/f3-485x1024.jpeg 485w, https:\/\/www.lacarnedagigi.it\/sito\/wp-content\/uploads\/2026\/03\/f3-728x1536.jpeg 728w\" sizes=\"(max-width: 758px) 100vw, 758px\" title=\"Home\">\t\t\t\t\t\t\t\t\t\t\t\t\t\t\t<\/div>\n\t\t\t\t<div class=\"elementor-element elementor-element-1c5bf71 elementor-widget elementor-widget-hfe-infocard\" data-id=\"1c5bf71\" data-element_type=\"widget\" data-e-type=\"widget\" data-widget_type=\"hfe-infocard.default\">\n\t\t\t\t<div class=\"elementor-widget-container\">\n\t\t\t\t\t\n\t\t<div class=\"hfe-infocard\">\n\t\t\t\t\t\t\t\t\t<div class=\"hfe-infocard-title-wrap\">\n\t\t\t\t<h3 class=\"hfe-infocard-title elementor-inline-editing\" data-elementor-setting-key=\"infocard_title\" data-elementor-inline-editing-toolbar=\"basic\" >Piatti a Base di Pollo e Preparazioni Gastronomiche<\/h3>\t\t\t<\/div>\n\t\t\t\t\t\t<div class=\"hfe-infocard-text-wrap\">\n\t\t\t\t<div class=\"hfe-infocard-text elementor-inline-editing\" data-elementor-setting-key=\"infocard_description\" data-elementor-inline-editing-toolbar=\"advanced\">\n\t\t\t\t\tLa sezione dedicata al pollo propone un assortimento di piatti pronti e preparazioni fresche. Insalate arricchite con pollo a pezzetti, carni cotte affettate e ricette fredde con verdure sono presentate in vaschette curate e invitanti. Questa area \u00e8 pensata per chi desidera soluzioni pratiche senza rinunciare al gusto: perfetta per pasti veloci, pause pranzo o cene leggere ma saporite.\n\t\t\t\t<\/div>\n\t\t\t\t\t\t\t<\/div>\n\t\t<\/div>\n\n\t\t\t\t\t\t<\/div>\n\t\t\t\t<\/div>\n\t\t\t\t<\/div>\n\t\t<div class=\"elementor-element elementor-element-bb804fc e-con-full e-flex e-con e-child\" data-id=\"bb804fc\" data-element_type=\"container\" data-e-type=\"container\">\n\t\t\t\t<div class=\"elementor-element elementor-element-c5effc6 elementor-widget elementor-widget-image\" data-id=\"c5effc6\" data-element_type=\"widget\" data-e-type=\"widget\" data-widget_type=\"image.default\">\n\t\t\t\t\t\t\t\t\t\t\t\t\t\t\t<img decoding=\"async\" width=\"1200\" height=\"1600\" src=\"https:\/\/www.lacarnedagigi.it\/sito\/wp-content\/uploads\/2026\/03\/f5.jpeg\" class=\"attachment-full size-full wp-image-556\" alt=\"F5\" srcset=\"https:\/\/www.lacarnedagigi.it\/sito\/wp-content\/uploads\/2026\/03\/f5.jpeg 1200w, https:\/\/www.lacarnedagigi.it\/sito\/wp-content\/uploads\/2026\/03\/f5-225x300.jpeg 225w, https:\/\/www.lacarnedagigi.it\/sito\/wp-content\/uploads\/2026\/03\/f5-768x1024.jpeg 768w, https:\/\/www.lacarnedagigi.it\/sito\/wp-content\/uploads\/2026\/03\/f5-1152x1536.jpeg 1152w\" sizes=\"(max-width: 1200px) 100vw, 1200px\" title=\"Home\">\t\t\t\t\t\t\t\t\t\t\t\t\t\t\t<\/div>\n\t\t\t\t<div class=\"elementor-element elementor-element-8a1bc96 elementor-widget elementor-widget-hfe-infocard\" data-id=\"8a1bc96\" data-element_type=\"widget\" data-e-type=\"widget\" data-widget_type=\"hfe-infocard.default\">\n\t\t\t\t<div class=\"elementor-widget-container\">\n\t\t\t\t\t\n\t\t<div class=\"hfe-infocard\">\n\t\t\t\t\t\t\t\t\t<div class=\"hfe-infocard-title-wrap\">\n\t\t\t\t<h3 class=\"hfe-infocard-title elementor-inline-editing\" data-elementor-setting-key=\"infocard_title\" data-elementor-inline-editing-toolbar=\"basic\" >Gastronomia Artigianale e Prodotti Pronti<\/h3>\t\t\t<\/div>\n\t\t\t\t\t\t<div class=\"hfe-infocard-text-wrap\">\n\t\t\t\t<div class=\"hfe-infocard-text elementor-inline-editing\" data-elementor-setting-key=\"infocard_description\" data-elementor-inline-editing-toolbar=\"advanced\">\n\t\t\t\t\tLa nostra gastronomia offre una variet\u00e0 di piatti pronti e specialit\u00e0 artigianali. Torte salate, quiche, dolci monoporzione e affettati sono esposti con attenzione alla presentazione e alla qualit\u00e0. Ogni preparazione \u00e8 pensata per offrire un'esperienza autentica, ideale per chi cerca sapori pronti da gustare senza rinunciare alla cura tipica della cucina fatta a mano.\t\t\t\t<\/div>\n\t\t\t\t\t\t\t<\/div>\n\t\t<\/div>\n\n\t\t\t\t\t\t<\/div>\n\t\t\t\t<\/div>\n\t\t\t\t<\/div>\n\t\t\t\t<\/div>\n\t\t\t\t\t<\/div>\n\t\t\t\t<\/div>\n\t\t<div class=\"elementor-element elementor-element-786a8a2 e-flex e-con-boxed e-con e-parent\" data-id=\"786a8a2\" data-element_type=\"container\" data-e-type=\"container\" data-settings=\"{&quot;background_background&quot;:&quot;classic&quot;}\">\n\t\t\t\t\t<div class=\"e-con-inner\">\n\t\t<div class=\"elementor-element elementor-element-f409a1e e-con-full e-flex e-con e-child\" data-id=\"f409a1e\" data-element_type=\"container\" data-e-type=\"container\">\n\t\t\t\t<div class=\"elementor-element elementor-element-89f0474 elementor-widget elementor-widget-image\" data-id=\"89f0474\" data-element_type=\"widget\" data-e-type=\"widget\" data-widget_type=\"image.default\">\n\t\t\t\t\t\t\t\t\t\t\t\t\t\t\t<img loading=\"lazy\" decoding=\"async\" width=\"1599\" height=\"758\" src=\"https:\/\/www.lacarnedagigi.it\/sito\/wp-content\/uploads\/2026\/03\/f6.jpeg\" class=\"attachment-full size-full wp-image-557\" alt=\"F6\" srcset=\"https:\/\/www.lacarnedagigi.it\/sito\/wp-content\/uploads\/2026\/03\/f6.jpeg 1599w, https:\/\/www.lacarnedagigi.it\/sito\/wp-content\/uploads\/2026\/03\/f6-300x142.jpeg 300w, https:\/\/www.lacarnedagigi.it\/sito\/wp-content\/uploads\/2026\/03\/f6-1024x485.jpeg 1024w, https:\/\/www.lacarnedagigi.it\/sito\/wp-content\/uploads\/2026\/03\/f6-768x364.jpeg 768w, https:\/\/www.lacarnedagigi.it\/sito\/wp-content\/uploads\/2026\/03\/f6-1536x728.jpeg 1536w\" sizes=\"(max-width: 1599px) 100vw, 1599px\" title=\"Home\">\t\t\t\t\t\t\t\t\t\t\t\t\t\t\t<\/div>\n\t\t\t\t<\/div>\n\t\t<div class=\"elementor-element elementor-element-de808ca e-con-full e-flex e-con e-child\" data-id=\"de808ca\" data-element_type=\"container\" data-e-type=\"container\">\n\t\t\t\t<div class=\"elementor-element elementor-element-a260131 elementor-widget elementor-widget-image-box\" data-id=\"a260131\" data-element_type=\"widget\" data-e-type=\"widget\" data-widget_type=\"image-box.default\">\n\t\t\t\t\t<div class=\"elementor-image-box-wrapper\"><div class=\"elementor-image-box-content\"><h2 class=\"elementor-image-box-title\">La Storia di La Carne da Gigi<\/h2><p class=\"elementor-image-box-description\">L\u2019azienda  nasce nel  1936 fondata da Luigi e Annamaria all\u2019interno del Mercato Coperto di Valenza.\n\nDal 1993 ad oggi viene portata avanti dal figlio Giampaolo il quale con il contributo della moglie Monica nel maggio del 2010 investe nel nuovo progetto di realizzare un nuovo negozio.\n\nI coniugi ampliano l\u2019attivit\u00e0 con la vendita di ulteriori generi alimentari legati al mondo della carne: salumi, formaggi, vini, dolci e, fiore all\u2019occhiello, l\u2019angolo dei piatti cotti di carne e pronti da cuocere.\n\nHanno praticamente messo a disposizione della clientela la loro storica cultura gastronomica legata alle carni, esperienza maturata e tramandata in generazioni nei loro 74 anni di storia.<\/p><\/div><\/div>\t\t\t\t<\/div>\n\t\t\t\t<\/div>\n\t\t\t\t\t<\/div>\n\t\t\t\t<\/div>\n\t\t<div class=\"elementor-element elementor-element-00a72f1 e-flex e-con-boxed e-con e-parent\" data-id=\"00a72f1\" data-element_type=\"container\" data-e-type=\"container\" data-settings=\"{&quot;background_background&quot;:&quot;classic&quot;}\">\n\t\t\t\t\t<div class=\"e-con-inner\">\n\t\t\t\t\t<\/div>\n\t\t\t\t<\/div>\n\t\t<div class=\"elementor-element elementor-element-d2b4540 e-flex e-con-boxed e-con e-parent\" data-id=\"d2b4540\" data-element_type=\"container\" data-e-type=\"container\" data-settings=\"{&quot;background_background&quot;:&quot;classic&quot;}\">\n\t\t\t\t\t<div class=\"e-con-inner\">\n\t\t\t\t<div class=\"elementor-element elementor-element-cba9b07 elementor-widget elementor-widget-image-box\" data-id=\"cba9b07\" data-element_type=\"widget\" data-e-type=\"widget\" data-widget_type=\"image-box.default\">\n\t\t\t\t\t<div class=\"elementor-image-box-wrapper\"><div class=\"elementor-image-box-content\"><h2 class=\"elementor-image-box-title\">Unicit\u00e0 e Qualit\u00e0 dei Nostri Prodotti<\/h2><p class=\"elementor-image-box-description\">Scopri cosa rende La Carne da Gigi il tuo punto di riferimento per prodotti freschi e genuini, ricercati e selezionati con passione.<\/p><\/div><\/div>\t\t\t\t<\/div>\n\t\t<div class=\"elementor-element elementor-element-3f09503 e-con-full e-flex e-con e-child\" data-id=\"3f09503\" data-element_type=\"container\" data-e-type=\"container\">\n\t\t<div class=\"elementor-element elementor-element-1722c6c e-con-full e-flex e-con e-child\" data-id=\"1722c6c\" data-element_type=\"container\" data-e-type=\"container\">\n\t\t\t\t<div class=\"elementor-element elementor-element-3406c83 elementor-widget elementor-widget-image\" data-id=\"3406c83\" data-element_type=\"widget\" data-e-type=\"widget\" data-widget_type=\"image.default\">\n\t\t\t\t\t\t\t\t\t\t\t\t\t\t\t<img loading=\"lazy\" decoding=\"async\" width=\"757\" height=\"1600\" src=\"https:\/\/www.lacarnedagigi.it\/sito\/wp-content\/uploads\/2026\/03\/r1.jpeg\" class=\"attachment-full size-full wp-image-562\" alt=\"R1\" srcset=\"https:\/\/www.lacarnedagigi.it\/sito\/wp-content\/uploads\/2026\/03\/r1.jpeg 757w, https:\/\/www.lacarnedagigi.it\/sito\/wp-content\/uploads\/2026\/03\/r1-142x300.jpeg 142w, https:\/\/www.lacarnedagigi.it\/sito\/wp-content\/uploads\/2026\/03\/r1-484x1024.jpeg 484w, https:\/\/www.lacarnedagigi.it\/sito\/wp-content\/uploads\/2026\/03\/r1-727x1536.jpeg 727w\" sizes=\"(max-width: 757px) 100vw, 757px\" title=\"Home\">\t\t\t\t\t\t\t\t\t\t\t\t\t\t\t<\/div>\n\t\t\t\t<\/div>\n\t\t<div class=\"elementor-element elementor-element-6c84982 e-con-full e-flex e-con e-child\" data-id=\"6c84982\" data-element_type=\"container\" data-e-type=\"container\">\n\t\t\t\t<div class=\"elementor-element elementor-element-661afa5 elementor-widget elementor-widget-hfe-infocard\" data-id=\"661afa5\" data-element_type=\"widget\" data-e-type=\"widget\" data-widget_type=\"hfe-infocard.default\">\n\t\t\t\t<div class=\"elementor-widget-container\">\n\t\t\t\t\t\n\t\t<div class=\"hfe-infocard\">\n\t\t\t\t\t\t\t\t\t<div class=\"hfe-infocard-title-wrap\">\n\t\t\t\t<h3 class=\"hfe-infocard-title elementor-inline-editing\" data-elementor-setting-key=\"infocard_title\" data-elementor-inline-editing-toolbar=\"basic\" >Rotolini Farciti per Aperitivi e Buffet<\/h3>\t\t\t<\/div>\n\t\t\t\t\t\t<div class=\"hfe-infocard-text-wrap\">\n\t\t\t\t<div class=\"hfe-infocard-text elementor-inline-editing\" data-elementor-setting-key=\"infocard_description\" data-elementor-inline-editing-toolbar=\"advanced\">\n\t\t\t\t\tI nostri rotolini farciti sono perfetti per aperitivi, buffet e momenti conviviali. Preparati con tortillas o pane morbido, racchiudono salumi, formaggi spalmabili e verdure fresche, creando un effetto spirale colorato e invitante. Sono una soluzione elegante e pratica per arricchire tavole festive o offrire stuzzichini sfiziosi ai propri ospiti.\t\t\t\t<\/div>\n\t\t\t\t\t\t\t<\/div>\n\t\t<\/div>\n\n\t\t\t\t\t\t<\/div>\n\t\t\t\t<\/div>\n\t\t\t\t<\/div>\n\t\t\t\t<\/div>\n\t\t<div class=\"elementor-element elementor-element-7d95bb6 e-con-full e-flex e-con e-child\" data-id=\"7d95bb6\" data-element_type=\"container\" data-e-type=\"container\">\n\t\t<div class=\"elementor-element elementor-element-cd58ab0 e-con-full e-flex e-con e-child\" data-id=\"cd58ab0\" data-element_type=\"container\" data-e-type=\"container\">\n\t\t\t\t<div class=\"elementor-element elementor-element-46cbb83 elementor-widget elementor-widget-hfe-infocard\" data-id=\"46cbb83\" data-element_type=\"widget\" data-e-type=\"widget\" data-widget_type=\"hfe-infocard.default\">\n\t\t\t\t<div class=\"elementor-widget-container\">\n\t\t\t\t\t\n\t\t<div class=\"hfe-infocard\">\n\t\t\t\t\t\t\t\t\t<div class=\"hfe-infocard-title-wrap\">\n\t\t\t\t<h3 class=\"hfe-infocard-title elementor-inline-editing\" data-elementor-setting-key=\"infocard_title\" data-elementor-inline-editing-toolbar=\"basic\" >Crostata di Frutta Fresca<\/h3>\t\t\t<\/div>\n\t\t\t\t\t\t<div class=\"hfe-infocard-text-wrap\">\n\t\t\t\t<div class=\"hfe-infocard-text elementor-inline-editing\" data-elementor-setting-key=\"infocard_description\" data-elementor-inline-editing-toolbar=\"advanced\">\n\t\t\t\t\tLa crostata di frutta rappresenta l'incontro tra estetica e gusto. La base fragrante accoglie una crema delicata, sormontata da un assortimento di frutta fresca - fragole, kiwi, mirtilli e mandarini - disposti con precisione per creare un effetto visivo armonioso. La leggera glassatura dona brillantezza e preserva la freschezza, rendendo questo dolce ideale per chi cerca un dessert raffinato e genuino.\t\t\t\t<\/div>\n\t\t\t\t\t\t\t<\/div>\n\t\t<\/div>\n\n\t\t\t\t\t\t<\/div>\n\t\t\t\t<\/div>\n\t\t\t\t<\/div>\n\t\t<div class=\"elementor-element elementor-element-7696ad9 e-con-full e-flex e-con e-child\" data-id=\"7696ad9\" data-element_type=\"container\" data-e-type=\"container\">\n\t\t\t\t<div class=\"elementor-element elementor-element-3a96206 elementor-widget elementor-widget-image\" data-id=\"3a96206\" data-element_type=\"widget\" data-e-type=\"widget\" data-widget_type=\"image.default\">\n\t\t\t\t\t\t\t\t\t\t\t\t\t\t\t<img loading=\"lazy\" decoding=\"async\" width=\"1200\" height=\"1600\" src=\"https:\/\/www.lacarnedagigi.it\/sito\/wp-content\/uploads\/2026\/03\/d2.jpeg\" class=\"attachment-full size-full wp-image-560\" alt=\"D2\" srcset=\"https:\/\/www.lacarnedagigi.it\/sito\/wp-content\/uploads\/2026\/03\/d2.jpeg 1200w, https:\/\/www.lacarnedagigi.it\/sito\/wp-content\/uploads\/2026\/03\/d2-225x300.jpeg 225w, https:\/\/www.lacarnedagigi.it\/sito\/wp-content\/uploads\/2026\/03\/d2-768x1024.jpeg 768w, https:\/\/www.lacarnedagigi.it\/sito\/wp-content\/uploads\/2026\/03\/d2-1152x1536.jpeg 1152w\" sizes=\"(max-width: 1200px) 100vw, 1200px\" title=\"Home\">\t\t\t\t\t\t\t\t\t\t\t\t\t\t\t<\/div>\n\t\t\t\t<\/div>\n\t\t\t\t<\/div>\n\t\t\t\t\t<\/div>\n\t\t\t\t<\/div>\n\t\t<div class=\"elementor-element elementor-element-93b84d6 e-flex e-con-boxed e-con e-parent\" data-id=\"93b84d6\" data-element_type=\"container\" data-e-type=\"container\" data-settings=\"{&quot;background_background&quot;:&quot;classic&quot;}\">\n\t\t\t\t\t<div class=\"e-con-inner\">\n\t\t\t\t<div class=\"elementor-element elementor-element-fe4743e elementor-widget elementor-widget-image-box\" data-id=\"fe4743e\" data-element_type=\"widget\" data-e-type=\"widget\" data-widget_type=\"image-box.default\">\n\t\t\t\t\t<div class=\"elementor-image-box-wrapper\"><div class=\"elementor-image-box-content\"><h2 class=\"elementor-image-box-title\">Non Aspettare Ancora!\u200b<\/h2><p class=\"elementor-image-box-description\">Visita La Carne da Gigi e scopri il sapore autentico dei nostri prodotti freschi e specialit\u00e0 gastronomiche.<\/p><\/div><\/div>\t\t\t\t<\/div>\n\t\t\t\t\t<\/div>\n\t\t\t\t<\/div>\n\t\t<div class=\"elementor-element elementor-element-4636952 e-flex e-con-boxed e-con e-parent\" data-id=\"4636952\" data-element_type=\"container\" data-e-type=\"container\">\n\t\t\t\t\t<div class=\"e-con-inner\">\n\t\t\t\t<div class=\"elementor-element elementor-element-b516bc3 elementor-widget elementor-widget-menu-anchor\" data-id=\"b516bc3\" data-element_type=\"widget\" data-e-type=\"widget\" data-widget_type=\"menu-anchor.default\">\n\t\t\t\t\t\t\t<div class=\"elementor-menu-anchor\" id=\"contatti\"><\/div>\n\t\t\t\t\t\t<\/div>\n\t\t<div class=\"elementor-element elementor-element-57f47d1 e-con-full e-flex e-con e-child\" data-id=\"57f47d1\" data-element_type=\"container\" data-e-type=\"container\">\n\t\t\t\t<div class=\"elementor-element elementor-element-a6241a7 elementor-widget elementor-widget-heading\" data-id=\"a6241a7\" data-element_type=\"widget\" data-e-type=\"widget\" data-widget_type=\"heading.default\">\n\t\t\t\t\t<h3 class=\"elementor-heading-title elementor-size-default\">La Carne da Gigi s.r.l.<\/h3>\t\t\t\t<\/div>\n\t\t\t\t<div class=\"elementor-element elementor-element-ba84fe5 elementor-widget elementor-widget-text-editor\" data-id=\"ba84fe5\" data-element_type=\"widget\" data-e-type=\"widget\" data-widget_type=\"text-editor.default\">\n\t\t\t\t\t\t\t\t\t<p><strong>Via Mazzini 13 &#8211; 15048 Valenza AL<\/strong><br \/><strong>Tel e Fax 0131951268<\/strong><\/p><p><strong>Orario Estivo dal Marted\u00ec al Venerd\u00ec:<\/strong><br \/><strong>8.00 &#8211; 12.30 \/ 17.00 &#8211; 18.45<\/strong><\/p><p><strong>Orario Invernale dal Marted\u00ec al Venerd\u00ec:<\/strong><br \/><strong>8.00 &#8211; 12.30 \/ 16.30 &#8211; 18.45<\/strong><\/p><p><strong>Sabato (aperti solo mattino)<\/strong><br \/><strong>8.00 &#8211; 12.30<\/strong><\/p><p><strong>Luned\u00ec e Domenica siamo chiusi<\/strong><\/p>\t\t\t\t\t\t\t\t<\/div>\n\t\t\t\t<\/div>\n\t\t<div class=\"elementor-element elementor-element-dd63e47 e-con-full e-flex e-con e-child\" data-id=\"dd63e47\" data-element_type=\"container\" data-e-type=\"container\">\n\t\t\t\t<div class=\"elementor-element elementor-element-cc91d0f elementor-widget elementor-widget-google_maps\" data-id=\"cc91d0f\" data-element_type=\"widget\" data-e-type=\"widget\" data-widget_type=\"google_maps.default\">\n\t\t\t\t\t\t\t<div class=\"elementor-custom-embed\">\n\t\t\t<iframe loading=\"lazy\"\n\t\t\t\t\tsrc=\"https:\/\/maps.google.com\/maps?q=la%20carne%20da%20gigi%20valenza&#038;t=m&#038;z=16&#038;output=embed&#038;iwloc=near\"\n\t\t\t\t\ttitle=\"la carne da gigi valenza\"\n\t\t\t\t\taria-label=\"la carne da gigi valenza\"\n\t\t\t><\/iframe>\n\t\t<\/div>\n\t\t\t\t\t\t<\/div>\n\t\t\t\t<\/div>\n\t\t\t\t\t<\/div>\n\t\t\t\t<\/div>\n\t\t\t\t<\/div>\n\t\t","protected":false},"excerpt":{"rendered":"<p>Carni di Qualit\u00e0 da Gigi\u200b Scopri la nostra selezione di carni fresche e specialit\u00e0 gastronomiche, preparate con passione e attenzione. [&hellip;]<\/p>\n","protected":false},"author":1,"featured_media":0,"parent":0,"menu_order":0,"comment_status":"closed","ping_status":"closed","template":"","meta":{"site-sidebar-layout":"no-sidebar","site-content-layout":"","ast-site-content-layout":"full-width-container","site-content-style":"default","site-sidebar-style":"default","ast-global-header-display":"","ast-banner-title-visibility":"","ast-main-header-display":"","ast-hfb-above-header-display":"","ast-hfb-below-header-display":"","ast-hfb-mobile-header-display":"","site-post-title":"disabled","ast-breadcrumbs-content":"","ast-featured-img":"disabled","footer-sml-layout":"","ast-disable-related-posts":"","theme-transparent-header-meta":"","adv-header-id-meta":"","stick-header-meta":"","header-above-stick-meta":"","header-main-stick-meta":"","header-below-stick-meta":"","astra-migrate-meta-layouts":"default","ast-page-background-enabled":"default","ast-page-background-meta":{"desktop":{"background-color":"var(--ast-global-color-5)","background-image":"","background-repeat":"repeat","background-position":"center center","background-size":"auto","background-attachment":"scroll","background-type":"","background-media":"","overlay-type":"","overlay-color":"","overlay-opacity":"","overlay-gradient":""},"tablet":{"background-color":"","background-image":"","background-repeat":"repeat","background-position":"center center","background-size":"auto","background-attachment":"scroll","background-type":"","background-media":"","overlay-type":"","overlay-color":"","overlay-opacity":"","overlay-gradient":""},"mobile":{"background-color":"","background-image":"","background-repeat":"repeat","background-position":"center center","background-size":"auto","background-attachment":"scroll","background-type":"","background-media":"","overlay-type":"","overlay-color":"","overlay-opacity":"","overlay-gradient":""}},"ast-content-background-meta":{"desktop":{"background-color":"var(--ast-global-color-4)","background-image":"","background-repeat":"repeat","background-position":"center center","background-size":"auto","background-attachment":"scroll","background-type":"","background-media":"","overlay-type":"","overlay-color":"","overlay-opacity":"","overlay-gradient":""},"tablet":{"background-color":"var(--ast-global-color-4)","background-image":"","background-repeat":"repeat","background-position":"center center","background-size":"auto","background-attachment":"scroll","background-type":"","background-media":"","overlay-type":"","overlay-color":"","overlay-opacity":"","overlay-gradient":""},"mobile":{"background-color":"var(--ast-global-color-4)","background-image":"","background-repeat":"repeat","background-position":"center center","background-size":"auto","background-attachment":"scroll","background-type":"","background-media":"","overlay-type":"","overlay-color":"","overlay-opacity":"","overlay-gradient":""}},"footnotes":""},"class_list":["post-275","page","type-page","status-publish","hentry"],"_links":{"self":[{"href":"https:\/\/www.lacarnedagigi.it\/sito\/wp-json\/wp\/v2\/pages\/275","targetHints":{"allow":["GET"]}}],"collection":[{"href":"https:\/\/www.lacarnedagigi.it\/sito\/wp-json\/wp\/v2\/pages"}],"about":[{"href":"https:\/\/www.lacarnedagigi.it\/sito\/wp-json\/wp\/v2\/types\/page"}],"author":[{"embeddable":true,"href":"https:\/\/www.lacarnedagigi.it\/sito\/wp-json\/wp\/v2\/users\/1"}],"replies":[{"embeddable":true,"href":"https:\/\/www.lacarnedagigi.it\/sito\/wp-json\/wp\/v2\/comments?post=275"}],"version-history":[{"count":61,"href":"https:\/\/www.lacarnedagigi.it\/sito\/wp-json\/wp\/v2\/pages\/275\/revisions"}],"predecessor-version":[{"id":636,"href":"https:\/\/www.lacarnedagigi.it\/sito\/wp-json\/wp\/v2\/pages\/275\/revisions\/636"}],"wp:attachment":[{"href":"https:\/\/www.lacarnedagigi.it\/sito\/wp-json\/wp\/v2\/media?parent=275"}],"curies":[{"name":"wp","href":"https:\/\/api.w.org\/{rel}","templated":true}]}}